{"id":437,"date":"2023-10-26T13:17:08","date_gmt":"2023-10-26T13:17:08","guid":{"rendered":"https:\/\/www.sebar.fr\/?page_id=437"},"modified":"2024-08-30T14:17:52","modified_gmt":"2024-08-30T14:17:52","slug":"communication-graphique","status":"publish","type":"page","link":"https:\/\/www.sebar.fr\/?page_id=437","title":{"rendered":"Communication Graphique"},"content":{"rendered":"<p>[et_pb_section fb_built=\u00a0\u00bb1&Prime; _builder_version=\u00a0\u00bb4.22.1&Prime; _module_preset=\u00a0\u00bbdefault\u00a0\u00bb custom_padding=\u00a0\u00bb||0px|||\u00a0\u00bb global_colors_info=\u00a0\u00bb{}\u00a0\u00bb][et_pb_row _builder_version=\u00a0\u00bb4.22.1&Prime; _module_preset=\u00a0\u00bbdefault\u00a0\u00bb max_width=\u00a0\u00bb100%\u00a0\u00bb module_alignment=\u00a0\u00bbleft\u00a0\u00bb custom_padding=\u00a0\u00bb||4px|||\u00a0\u00bb global_colors_info=\u00a0\u00bb{}\u00a0\u00bb][et_pb_column type=\u00a0\u00bb4_4&Prime; _builder_version=\u00a0\u00bb4.22.1&Prime; _module_preset=\u00a0\u00bbdefault\u00a0\u00bb global_colors_info=\u00a0\u00bb{}\u00a0\u00bb][et_pb_text _builder_version=\u00a0\u00bb4.22.2&Prime; _module_preset=\u00a0\u00bbdefault\u00a0\u00bb header_3_font_size=\u00a0\u00bb30px\u00a0\u00bb header_3_line_height=\u00a0\u00bb1.8em\u00a0\u00bb background_color=\u00a0\u00bb#FFFFFF\u00a0\u00bb custom_margin=\u00a0\u00bb0px||0px||false|false\u00a0\u00bb custom_padding=\u00a0\u00bb2px||0px|35px|false|false\u00a0\u00bb border_radii=\u00a0\u00bboff||15px|15px|\u00a0\u00bb global_colors_info=\u00a0\u00bb{}\u00a0\u00bb]<\/p>\n<h3>COMMUNICATION Graphique<\/h3>\n<p>[\/et_pb_text][\/et_pb_column][\/et_pb_row][et_pb_row _builder_version=\u00a0\u00bb4.22.2&Prime; _module_preset=\u00a0\u00bbdefault\u00a0\u00bb global_colors_info=\u00a0\u00bb{}\u00a0\u00bb][et_pb_column type=\u00a0\u00bb4_4&Prime; _builder_version=\u00a0\u00bb4.22.2&Prime; _module_preset=\u00a0\u00bbdefault\u00a0\u00bb global_colors_info=\u00a0\u00bb{}\u00a0\u00bb][et_pb_text _builder_version=\u00a0\u00bb4.22.2&Prime; _module_preset=\u00a0\u00bbdefault\u00a0\u00bb text_font_size=\u00a0\u00bb20px\u00a0\u00bb global_colors_info=\u00a0\u00bb{}\u00a0\u00bb]<\/p>\n<p>D\u00e9couvrez nos projets en communication graphique et illustration.<\/p>\n<p>[\/et_pb_text][\/et_pb_column][\/et_pb_row][\/et_pb_section][et_pb_section fb_built=\u00a0\u00bb1&Prime; use_custom_gutter=\u00a0\u00bbon\u00a0\u00bb specialty=\u00a0\u00bbon\u00a0\u00bb _builder_version=\u00a0\u00bb4.22.2&Prime; _module_preset=\u00a0\u00bbdefault\u00a0\u00bb background_color=\u00a0\u00bb#449CB5&Prime; background_enable_mask_style=\u00a0\u00bbon\u00a0\u00bb background_mask_style=\u00a0\u00bbcorner-paint\u00a0\u00bb background_mask_color=\u00a0\u00bb#000000&Prime; custom_padding=\u00a0\u00bb38px||45px|||\u00a0\u00bb box_shadow_style=\u00a0\u00bbpreset1&Prime; global_colors_info=\u00a0\u00bb{}\u00a0\u00bb][et_pb_column type=\u00a0\u00bb1_3&Prime; _builder_version=\u00a0\u00bb4.16&Prime; custom_padding=\u00a0\u00bb|||\u00a0\u00bb global_colors_info=\u00a0\u00bb{}\u00a0\u00bb custom_padding__hover=\u00a0\u00bb|||\u00a0\u00bb][dsm_image_reveal reveal_text=\u00a0\u00bbPersonnages types\u00a0\u00bb src=\u00a0\u00bbhttps:\/\/www.sebar.fr\/wp-content\/uploads\/2024\/07\/visuel-personnages-types.png\u00a0\u00bb title_text=\u00a0\u00bbvisuel personnages types\u00a0\u00bb reveal_overlay_color=\u00a0\u00bb#449CB5&Prime; align=\u00a0\u00bbcenter\u00a0\u00bb force_fullwidth=\u00a0\u00bbon\u00a0\u00bb _builder_version=\u00a0\u00bb4.22.2&Prime; _dynamic_attributes=\u00a0\u00bblink_option_url\u00a0\u00bb _module_preset=\u00a0\u00bbdefault\u00a0\u00bb width=\u00a0\u00bb100%\u00a0\u00bb module_alignment=\u00a0\u00bbcenter\u00a0\u00bb custom_margin=\u00a0\u00bb-1px|0px|0px|0px|false|true\u00a0\u00bb custom_padding=\u00a0\u00bb0px|0px|0px|0px|true|true\u00a0\u00bb animation_style=\u00a0\u00bbslide\u00a0\u00bb animation_direction=\u00a0\u00bbbottom\u00a0\u00bb link_option_url=\u00a0\u00bb@ET-DC@eyJkeW5hbWljIjp0cnVlLCJjb250ZW50IjoicG9zdF9saW5rX3VybF9wYWdlIiwic2V0dGluZ3MiOnsicG9zdF9pZCI6IjE2NTIifX0=@\u00a0\u00bb global_colors_info=\u00a0\u00bb{}\u00a0\u00bb][\/dsm_image_reveal][\/et_pb_column][et_pb_column type=\u00a0\u00bb2_3&Prime; specialty_columns=\u00a0\u00bb2&Prime; _builder_version=\u00a0\u00bb4.16&Prime; custom_padding=\u00a0\u00bb|||\u00a0\u00bb global_colors_info=\u00a0\u00bb{}\u00a0\u00bb custom_padding__hover=\u00a0\u00bb|||\u00a0\u00bb][et_pb_row_inner column_structure=\u00a0\u00bb1_2,1_2&Prime; use_custom_gutter=\u00a0\u00bbon\u00a0\u00bb _builder_version=\u00a0\u00bb4.22.2&Prime; _module_preset=\u00a0\u00bbdefault\u00a0\u00bb custom_margin=\u00a0\u00bb44px||||false|false\u00a0\u00bb custom_padding=\u00a0\u00bb0px|||||\u00a0\u00bb global_colors_info=\u00a0\u00bb{}\u00a0\u00bb][et_pb_column_inner type=\u00a0\u00bb1_2&Prime; saved_specialty_column_type=\u00a0\u00bb2_3&Prime; _builder_version=\u00a0\u00bb4.22.1&Prime; _module_preset=\u00a0\u00bbdefault\u00a0\u00bb global_colors_info=\u00a0\u00bb{}\u00a0\u00bb][dsm_image_reveal reveal_text=\u00a0\u00bbAffiches &#038; D\u00e9pliants\u00a0\u00bb src=\u00a0\u00bbhttps:\/\/www.sebar.fr\/wp-content\/uploads\/2024\/07\/visuel-affiches.png\u00a0\u00bb title_text=\u00a0\u00bbvisuel affiches\u00a0\u00bb reveal_overlay_color=\u00a0\u00bb#449CB5&Prime; align=\u00a0\u00bbcenter\u00a0\u00bb force_fullwidth=\u00a0\u00bbon\u00a0\u00bb _builder_version=\u00a0\u00bb4.22.2&Prime; _dynamic_attributes=\u00a0\u00bblink_option_url\u00a0\u00bb _module_preset=\u00a0\u00bbdefault\u00a0\u00bb width=\u00a0\u00bb100%\u00a0\u00bb module_alignment=\u00a0\u00bbcenter\u00a0\u00bb custom_margin=\u00a0\u00bb80px|0px|0px|0px|false|true\u00a0\u00bb custom_padding=\u00a0\u00bb0px|0px|0px|0px|true|true\u00a0\u00bb animation_style=\u00a0\u00bbslide\u00a0\u00bb animation_direction=\u00a0\u00bbbottom\u00a0\u00bb link_option_url=\u00a0\u00bb@ET-DC@eyJkeW5hbWljIjp0cnVlLCJjb250ZW50IjoicG9zdF9saW5rX3VybF9wYWdlIiwic2V0dGluZ3MiOnsicG9zdF9pZCI6IjE2NTcifX0=@\u00a0\u00bb global_colors_info=\u00a0\u00bb{}\u00a0\u00bb][\/dsm_image_reveal][\/et_pb_column_inner][et_pb_column_inner type=\u00a0\u00bb1_2&Prime; saved_specialty_column_type=\u00a0\u00bb2_3&Prime; _builder_version=\u00a0\u00bb4.22.1&Prime; _module_preset=\u00a0\u00bbdefault\u00a0\u00bb global_colors_info=\u00a0\u00bb{}\u00a0\u00bb][dsm_image_reveal reveal_text=\u00a0\u00bbIllustrations\u00a0\u00bb src=\u00a0\u00bbhttps:\/\/www.sebar.fr\/wp-content\/uploads\/2024\/07\/visuel-illustration.png\u00a0\u00bb title_text=\u00a0\u00bbvisuel illustration\u00a0\u00bb reveal_overlay_color=\u00a0\u00bb#449CB5&Prime; align=\u00a0\u00bbcenter\u00a0\u00bb force_fullwidth=\u00a0\u00bbon\u00a0\u00bb _builder_version=\u00a0\u00bb4.22.2&Prime; _dynamic_attributes=\u00a0\u00bblink_option_url\u00a0\u00bb _module_preset=\u00a0\u00bbdefault\u00a0\u00bb width=\u00a0\u00bb100%\u00a0\u00bb module_alignment=\u00a0\u00bbcenter\u00a0\u00bb custom_margin=\u00a0\u00bb161px|0px|0px|0px|false|true\u00a0\u00bb custom_padding=\u00a0\u00bb0px|0px|0px|0px|true|true\u00a0\u00bb animation_style=\u00a0\u00bbslide\u00a0\u00bb animation_direction=\u00a0\u00bbbottom\u00a0\u00bb link_option_url=\u00a0\u00bb@ET-DC@eyJkeW5hbWljIjp0cnVlLCJjb250ZW50IjoicG9zdF9saW5rX3VybF9wYWdlIiwic2V0dGluZ3MiOnsicG9zdF9pZCI6IjIwNyJ9fQ==@\u00a0\u00bb global_colors_info=\u00a0\u00bb{}\u00a0\u00bb][\/dsm_image_reveal][\/et_pb_column_inner][\/et_pb_row_inner][\/et_pb_column][\/et_pb_section]<\/p>\n","protected":false},"excerpt":{"rendered":"<p>COMMUNICATION GraphiqueD\u00e9couvrez nos projets en communication graphique et illustration.<div class=\"et_pb_module dsm_image_reveal dsm_image_reveal_0 et_animated et-waypoint\">\n\t\t\t\t\n\t\t\t\t\n\t\t\t\t\n\t\t\t\t\n\t\t\t\t\n\t\t\t\t\n\t\t\t\t<div class=\"et_pb_module_inner\">\n\t\t\t\t\t<div class=\"dsm-image-reveal et_pb_bg_layout_dark et_always_center_on_mobile\">\n\t\t\t\t\n\t\t\t\t\n\t\t\t\t<div class=\"dsm-image-wrapper\"><span class=\"et_pb_image_wrap\"><div class=\"dsm-image-reveal-overlay\"><\/div><img decoding=\"async\" src=\"https:\/\/www.sebar.fr\/wp-content\/uploads\/2024\/07\/visuel-personnages-types.png\" alt=\"\" title=\"visuel personnages types\" \/><div class=\"dsm-image-reveal-text-wrapper\"><h3 class=\"dsm-image-reveal-text et_pb_module_header et_pb_text_align_center\" data-splitting>Personnages types<\/h3><\/div><\/span><\/div>\n\t\t\t<\/div>\n\t\t\t\t<\/div>\n\t\t\t<\/div><div class=\"et_pb_module dsm_image_reveal dsm_image_reveal_1 et_animated et-waypoint\">\n\t\t\t\t\n\t\t\t\t\n\t\t\t\t\n\t\t\t\t\n\t\t\t\t\n\t\t\t\t\n\t\t\t\t<div class=\"et_pb_module_inner\">\n\t\t\t\t\t<div class=\"dsm-image-reveal et_pb_bg_layout_dark et_always_center_on_mobile\">\n\t\t\t\t\n\t\t\t\t\n\t\t\t\t<div class=\"dsm-image-wrapper\"><span class=\"et_pb_image_wrap\"><div class=\"dsm-image-reveal-overlay\"><\/div><img decoding=\"async\" src=\"https:\/\/www.sebar.fr\/wp-content\/uploads\/2024\/07\/visuel-affiches.png\" alt=\"\" title=\"visuel affiches\" \/><div class=\"dsm-image-reveal-text-wrapper\"><h3 class=\"dsm-image-reveal-text et_pb_module_header et_pb_text_align_center\" data-splitting>Affiches &#038; D\u00e9pliants<\/h3><\/div><\/span><\/div>\n\t\t\t<\/div>\n\t\t\t\t<\/div>\n\t\t\t<\/div><div class=\"et_pb_module dsm_image_reveal dsm_image_reveal_2\">\n\t\t\t\t\n\t\t\t\t\n\t\t\t\t\n\t\t\t\t\n\t\t\t\t\n\t\t\t\t\n\t\t\t\t<div class=\"et_pb_module_inner\">\n\t\t\t\t\t<div class=\"dsm-image-reveal et_pb_bg_layout_dark et_always_center_on_mobile\">\n\t\t\t\t\n\t\t\t\t\n\t\t\t\t<div class=\"dsm-image-wrapper\"><span class=\"et_pb_image_wrap\"><div class=\"dsm-image-reveal-overlay\"><\/div><img decoding=\"async\" src=\"\u00bbhttps:\/\/www.sebar.fr\/wp-content\/uploads\/2024\/07\/visuel-illustration.png\" alt=\"\" title=\"\u00bbvisuel\" \/><div class=\"dsm-image-reveal-text-wrapper\"><h3 class=\"dsm-image-reveal-text et_pb_module_header et_pb_text_align_center\" data-splitting>\u00bbIllustrations<\/h3><\/div><\/span><\/div>\n\t\t\t<\/div>\n\t\t\t\t<\/div>\n\t\t\t<\/div><\/p>\n","protected":false},"author":1,"featured_media":1458,"parent":0,"menu_order":0,"comment_status":"closed","ping_status":"closed","template":"","meta":{"_et_pb_use_builder":"on","_et_pb_old_content":"","_et_gb_content_width":"","footnotes":""},"class_list":["post-437","page","type-page","status-publish","has-post-thumbnail","hentry"],"yoast_head":"<!-- This site is optimized with the Yoast SEO plugin v26.5 - https:\/\/yoast.com\/wordpress\/plugins\/seo\/ -->\n<title>Communication Graphique - Sebar<\/title>\n<meta name=\"description\" content=\"D\u00e9couvrez sur notre page Communication Graphique, l&#039;ensemble de travaux li\u00e9 \u00e0 la communication, qu&#039;elle soit visuelle ou digitale\" \/>\n<meta name=\"robots\" content=\"index, follow, max-snippet:-1, max-image-preview:large, max-video-preview:-1\" \/>\n<link rel=\"canonical\" href=\"https:\/\/www.sebar.fr\/?page_id=437\" \/>\n<meta property=\"og:locale\" content=\"fr_FR\" \/>\n<meta property=\"og:type\" content=\"article\" \/>\n<meta property=\"og:title\" content=\"Communication Graphique - Sebar\" \/>\n<meta property=\"og:description\" content=\"D\u00e9couvrez sur notre page Communication Graphique, l&#039;ensemble de travaux li\u00e9 \u00e0 la communication, qu&#039;elle soit visuelle ou digitale\" \/>\n<meta property=\"og:url\" content=\"https:\/\/www.sebar.fr\/?page_id=437\" \/>\n<meta property=\"og:site_name\" content=\"Sebar\" \/>\n<meta property=\"article:modified_time\" content=\"2024-08-30T14:17:52+00:00\" \/>\n<meta property=\"og:image\" content=\"https:\/\/www.sebar.fr\/wp-content\/uploads\/2024\/04\/Visuel-communication-horizontal-1024x717.png\" \/>\n\t<meta property=\"og:image:width\" content=\"1024\" \/>\n\t<meta property=\"og:image:height\" content=\"717\" \/>\n\t<meta property=\"og:image:type\" content=\"image\/png\" \/>\n<meta name=\"twitter:card\" content=\"summary_large_image\" \/>\n<meta name=\"twitter:label1\" content=\"Dur\u00e9e de lecture estim\u00e9e\" \/>\n\t<meta name=\"twitter:data1\" content=\"1 minute\" \/>\n<script type=\"application\/ld+json\" class=\"yoast-schema-graph\">{\"@context\":\"https:\/\/schema.org\",\"@graph\":[{\"@type\":\"WebPage\",\"@id\":\"https:\/\/www.sebar.fr\/?page_id=437\",\"url\":\"https:\/\/www.sebar.fr\/?page_id=437\",\"name\":\"Communication Graphique - Sebar\",\"isPartOf\":{\"@id\":\"https:\/\/www.sebar.fr\/#website\"},\"primaryImageOfPage\":{\"@id\":\"https:\/\/www.sebar.fr\/?page_id=437#primaryimage\"},\"image\":{\"@id\":\"https:\/\/www.sebar.fr\/?page_id=437#primaryimage\"},\"thumbnailUrl\":\"https:\/\/www.sebar.fr\/wp-content\/uploads\/2024\/04\/Visuel-communication-horizontal.png\",\"datePublished\":\"2023-10-26T13:17:08+00:00\",\"dateModified\":\"2024-08-30T14:17:52+00:00\",\"description\":\"D\u00e9couvrez sur notre page Communication Graphique, l'ensemble de travaux li\u00e9 \u00e0 la communication, qu'elle soit visuelle ou digitale\",\"breadcrumb\":{\"@id\":\"https:\/\/www.sebar.fr\/?page_id=437#breadcrumb\"},\"inLanguage\":\"fr-FR\",\"potentialAction\":[{\"@type\":\"ReadAction\",\"target\":[\"https:\/\/www.sebar.fr\/?page_id=437\"]}]},{\"@type\":\"ImageObject\",\"inLanguage\":\"fr-FR\",\"@id\":\"https:\/\/www.sebar.fr\/?page_id=437#primaryimage\",\"url\":\"https:\/\/www.sebar.fr\/wp-content\/uploads\/2024\/04\/Visuel-communication-horizontal.png\",\"contentUrl\":\"https:\/\/www.sebar.fr\/wp-content\/uploads\/2024\/04\/Visuel-communication-horizontal.png\",\"width\":1500,\"height\":1050},{\"@type\":\"BreadcrumbList\",\"@id\":\"https:\/\/www.sebar.fr\/?page_id=437#breadcrumb\",\"itemListElement\":[{\"@type\":\"ListItem\",\"position\":1,\"name\":\"Accueil\",\"item\":\"https:\/\/www.sebar.fr\/\"},{\"@type\":\"ListItem\",\"position\":2,\"name\":\"Communication Graphique\"}]},{\"@type\":\"WebSite\",\"@id\":\"https:\/\/www.sebar.fr\/#website\",\"url\":\"https:\/\/www.sebar.fr\/\",\"name\":\"Sebar\",\"description\":\"S&eacute;bastien Armand Lurcel storyboard et illustrations\",\"potentialAction\":[{\"@type\":\"SearchAction\",\"target\":{\"@type\":\"EntryPoint\",\"urlTemplate\":\"https:\/\/www.sebar.fr\/?s={search_term_string}\"},\"query-input\":{\"@type\":\"PropertyValueSpecification\",\"valueRequired\":true,\"valueName\":\"search_term_string\"}}],\"inLanguage\":\"fr-FR\"}]}<\/script>\n<!-- \/ Yoast SEO plugin. -->","yoast_head_json":{"title":"Communication Graphique - Sebar","description":"D\u00e9couvrez sur notre page Communication Graphique, l'ensemble de travaux li\u00e9 \u00e0 la communication, qu'elle soit visuelle ou digitale","robots":{"index":"index","follow":"follow","max-snippet":"max-snippet:-1","max-image-preview":"max-image-preview:large","max-video-preview":"max-video-preview:-1"},"canonical":"https:\/\/www.sebar.fr\/?page_id=437","og_locale":"fr_FR","og_type":"article","og_title":"Communication Graphique - Sebar","og_description":"D\u00e9couvrez sur notre page Communication Graphique, l'ensemble de travaux li\u00e9 \u00e0 la communication, qu'elle soit visuelle ou digitale","og_url":"https:\/\/www.sebar.fr\/?page_id=437","og_site_name":"Sebar","article_modified_time":"2024-08-30T14:17:52+00:00","og_image":[{"width":1024,"height":717,"url":"https:\/\/www.sebar.fr\/wp-content\/uploads\/2024\/04\/Visuel-communication-horizontal-1024x717.png","type":"image\/png"}],"twitter_card":"summary_large_image","twitter_misc":{"Dur\u00e9e de lecture estim\u00e9e":"1 minute"},"schema":{"@context":"https:\/\/schema.org","@graph":[{"@type":"WebPage","@id":"https:\/\/www.sebar.fr\/?page_id=437","url":"https:\/\/www.sebar.fr\/?page_id=437","name":"Communication Graphique - Sebar","isPartOf":{"@id":"https:\/\/www.sebar.fr\/#website"},"primaryImageOfPage":{"@id":"https:\/\/www.sebar.fr\/?page_id=437#primaryimage"},"image":{"@id":"https:\/\/www.sebar.fr\/?page_id=437#primaryimage"},"thumbnailUrl":"https:\/\/www.sebar.fr\/wp-content\/uploads\/2024\/04\/Visuel-communication-horizontal.png","datePublished":"2023-10-26T13:17:08+00:00","dateModified":"2024-08-30T14:17:52+00:00","description":"D\u00e9couvrez sur notre page Communication Graphique, l'ensemble de travaux li\u00e9 \u00e0 la communication, qu'elle soit visuelle ou digitale","breadcrumb":{"@id":"https:\/\/www.sebar.fr\/?page_id=437#breadcrumb"},"inLanguage":"fr-FR","potentialAction":[{"@type":"ReadAction","target":["https:\/\/www.sebar.fr\/?page_id=437"]}]},{"@type":"ImageObject","inLanguage":"fr-FR","@id":"https:\/\/www.sebar.fr\/?page_id=437#primaryimage","url":"https:\/\/www.sebar.fr\/wp-content\/uploads\/2024\/04\/Visuel-communication-horizontal.png","contentUrl":"https:\/\/www.sebar.fr\/wp-content\/uploads\/2024\/04\/Visuel-communication-horizontal.png","width":1500,"height":1050},{"@type":"BreadcrumbList","@id":"https:\/\/www.sebar.fr\/?page_id=437#breadcrumb","itemListElement":[{"@type":"ListItem","position":1,"name":"Accueil","item":"https:\/\/www.sebar.fr\/"},{"@type":"ListItem","position":2,"name":"Communication Graphique"}]},{"@type":"WebSite","@id":"https:\/\/www.sebar.fr\/#website","url":"https:\/\/www.sebar.fr\/","name":"Sebar","description":"S&eacute;bastien Armand Lurcel storyboard et illustrations","potentialAction":[{"@type":"SearchAction","target":{"@type":"EntryPoint","urlTemplate":"https:\/\/www.sebar.fr\/?s={search_term_string}"},"query-input":{"@type":"PropertyValueSpecification","valueRequired":true,"valueName":"search_term_string"}}],"inLanguage":"fr-FR"}]}},"_links":{"self":[{"href":"https:\/\/www.sebar.fr\/index.php?rest_route=\/wp\/v2\/pages\/437","targetHints":{"allow":["GET"]}}],"collection":[{"href":"https:\/\/www.sebar.fr\/index.php?rest_route=\/wp\/v2\/pages"}],"about":[{"href":"https:\/\/www.sebar.fr\/index.php?rest_route=\/wp\/v2\/types\/page"}],"author":[{"embeddable":true,"href":"https:\/\/www.sebar.fr\/index.php?rest_route=\/wp\/v2\/users\/1"}],"replies":[{"embeddable":true,"href":"https:\/\/www.sebar.fr\/index.php?rest_route=%2Fwp%2Fv2%2Fcomments&post=437"}],"version-history":[{"count":6,"href":"https:\/\/www.sebar.fr\/index.php?rest_route=\/wp\/v2\/pages\/437\/revisions"}],"predecessor-version":[{"id":2181,"href":"https:\/\/www.sebar.fr\/index.php?rest_route=\/wp\/v2\/pages\/437\/revisions\/2181"}],"wp:featuredmedia":[{"embeddable":true,"href":"https:\/\/www.sebar.fr\/index.php?rest_route=\/wp\/v2\/media\/1458"}],"wp:attachment":[{"href":"https:\/\/www.sebar.fr\/index.php?rest_route=%2Fwp%2Fv2%2Fmedia&parent=437"}],"curies":[{"name":"wp","href":"https:\/\/api.w.org\/{rel}","templated":true}]}}