{"id":34,"date":"2023-08-21T14:06:47","date_gmt":"2023-08-21T14:06:47","guid":{"rendered":"https:\/\/www.sebar.fr\/?page_id=34"},"modified":"2026-03-22T18:22:08","modified_gmt":"2026-03-22T18:22:08","slug":"sebar","status":"publish","type":"page","link":"https:\/\/www.sebar.fr\/","title":{"rendered":"SEBAR"},"content":{"rendered":"<p>[et_pb_section fb_built=\u00a0\u00bb1&Prime; _builder_version=\u00a0\u00bb4.22.1&Prime; _module_preset=\u00a0\u00bbdefault\u00a0\u00bb custom_margin=\u00a0\u00bb3px|||||\u00a0\u00bb custom_padding=\u00a0\u00bb9px||1px|||\u00a0\u00bb global_colors_info=\u00a0\u00bb{}\u00a0\u00bb][et_pb_row _builder_version=\u00a0\u00bb4.22.1&Prime; _module_preset=\u00a0\u00bbdefault\u00a0\u00bb width=\u00a0\u00bb90%\u00a0\u00bb max_width=\u00a0\u00bb100%\u00a0\u00bb custom_padding=\u00a0\u00bb13px|0px|13px|0px|true|true\u00a0\u00bb global_colors_info=\u00a0\u00bb{}\u00a0\u00bb][et_pb_column type=\u00a0\u00bb4_4&Prime; _builder_version=\u00a0\u00bb4.22.1&Prime; _module_preset=\u00a0\u00bbdefault\u00a0\u00bb global_colors_info=\u00a0\u00bb{}\u00a0\u00bb][et_pb_text _builder_version=\u00a0\u00bb4.27.2&Prime; _module_preset=\u00a0\u00bbdefault\u00a0\u00bb text_font_size=\u00a0\u00bb16px\u00a0\u00bb width=\u00a0\u00bb80%\u00a0\u00bb module_alignment=\u00a0\u00bbcenter\u00a0\u00bb custom_margin=\u00a0\u00bb||42px|||\u00a0\u00bb custom_padding=\u00a0\u00bb|118px|4px||false|false\u00a0\u00bb custom_padding_tablet=\u00a0\u00bb|118px|||false|false\u00a0\u00bb custom_padding_phone=\u00a0\u00bb|10px|||false|false\u00a0\u00bb custom_padding_last_edited=\u00a0\u00bbon|phone\u00a0\u00bb global_colors_info=\u00a0\u00bb{}\u00a0\u00bb]<\/p>\n<p style=\"text-align: center;\"><span style=\"font-size: 16px;\">\u00a0 \u00a0 \u00a0 \u00a0 \u00a0 \u00a0 \u00a0 \u00a0 \u00a0 \u00a0 \u00a0 \u00a0 \u00a0 \u00a0 \u00a0 \u00a0\u00a0<\/span><\/p>\n<p><strong>Storyboarder &amp; auteur visuel<\/strong><\/p>\n<p data-start=\"889\" data-end=\"1081\" style=\"text-align: justify;\">Depuis plus de vingt ans, j\u2019accompagne la mise en image de projets en animation, publicit\u00e9 et cin\u00e9ma, en concevant des storyboards au service de la narration, du rythme et de la mise en sc\u00e8ne.<\/p>\n<p data-start=\"1083\" data-end=\"1249\" style=\"text-align: justify;\">Form\u00e9 au storyboard d\u2019animation aux Gobelins, j\u2019ai collabor\u00e9 avec de nombreuses soci\u00e9t\u00e9s de production sur des s\u00e9ries anim\u00e9es, des films et des projets publicitaires.<\/p>\n<p data-start=\"1251\" data-end=\"1479\" style=\"text-align: justify;\">Parall\u00e8lement, je d\u00e9veloppe un travail d\u2019auteur visuel \u00e0 travers l\u2019illustration \u2014 affiches, \u00e9dition, identit\u00e9 graphique \u2014 ainsi que la bande dessin\u00e9e et l\u2019\u00e9criture, nourri par un parcours m\u00ealant dessin, th\u00e9\u00e2tre et mise en sc\u00e8ne.<\/p>\n<p data-start=\"1481\" data-end=\"1538\" style=\"text-align: justify;\">Ce site pr\u00e9sente une s\u00e9lection de ces diff\u00e9rents travaux.<\/p>\n<p data-start=\"1540\" data-end=\"1613\" style=\"text-align: justify;\">Je suis \u00e0 votre \u00e9coute pour toute collaboration ou proposition de projet.<\/p>\n<p data-start=\"1540\" data-end=\"1613\">\n<p data-start=\"1540\" data-end=\"1613\"><strong data-start=\"1768\" data-end=\"1810\">Storyboard Artist &amp; Visual Storyteller<\/strong><\/p>\n<p data-start=\"1540\" data-end=\"1613\" style=\"text-align: justify;\">For over twenty years, I have been helping bring projects to life in animation, advertising and film by creating storyboards that support storytelling, pacing and visual direction.<\/p>\n<p data-start=\"1540\" data-end=\"1613\" style=\"text-align: justify;\">After training in animation storyboard at Gobelins, I have collaborated with various production companies on animated series, films and commercial projects.<\/p>\n<p data-start=\"1540\" data-end=\"1613\" style=\"text-align: justify;\">Alongside this work, I develop a personal approach as a visual storyteller through illustration (posters, publishing, visual identity) and writing, informed by a background that combines drawing, theatre and staging.This website presents a selection of these works.<\/p>\n<p data-start=\"1768\" data-end=\"1810\" style=\"text-align: justify;\"><strong data-start=\"1768\" data-end=\"1810\"><\/strong><\/p>\n<p data-start=\"2421\" data-end=\"2479\" style=\"text-align: justify;\">I am available for any collaboration or project inquiries.<\/p>\n<p style=\"text-align: center;\"><strong style=\"font-size: 16px;\">\u00a0 <\/strong><span style=\"font-size: 16px;\">\u00a0 \u00a0 \u00a0 \u00a0 \u00a0 \u00a0 \u00a0 \u00a0 \u00a0 \u00a0 \u00a0 \u00a0 \u00a0 \u00a0 \u00a0 \u00a0 \u00a0 \u00a0<\/span><span data-contrast=\"auto\" style=\"font-size: 16px;\"><\/span><\/p>\n<p>[\/et_pb_text][\/et_pb_column][\/et_pb_row][et_pb_row column_structure=\u00a0\u00bb1_2,1_2&Prime; _builder_version=\u00a0\u00bb4.27.3&Prime; _module_preset=\u00a0\u00bbdefault\u00a0\u00bb width=\u00a0\u00bb90%\u00a0\u00bb max_width=\u00a0\u00bb100%\u00a0\u00bb custom_padding=\u00a0\u00bb13px|0px|13px|0px|true|true\u00a0\u00bb global_colors_info=\u00a0\u00bb{}\u00a0\u00bb][et_pb_column type=\u00a0\u00bb1_2&Prime; _builder_version=\u00a0\u00bb4.22.1&Prime; _module_preset=\u00a0\u00bbdefault\u00a0\u00bb global_colors_info=\u00a0\u00bb{}\u00a0\u00bb][\/et_pb_column][et_pb_column type=\u00a0\u00bb1_2&Prime; _builder_version=\u00a0\u00bb4.27.3&Prime; _module_preset=\u00a0\u00bbdefault\u00a0\u00bb global_colors_info=\u00a0\u00bb{}\u00a0\u00bb][\/et_pb_column][\/et_pb_row][et_pb_row _builder_version=\u00a0\u00bb4.22.1&Prime; _module_preset=\u00a0\u00bbdefault\u00a0\u00bb width=\u00a0\u00bb100%\u00a0\u00bb max_width=\u00a0\u00bb100%\u00a0\u00bb custom_padding=\u00a0\u00bb||0px|||\u00a0\u00bb global_colors_info=\u00a0\u00bb{}\u00a0\u00bb][et_pb_column type=\u00a0\u00bb4_4&Prime; _builder_version=\u00a0\u00bb4.22.1&Prime; _module_preset=\u00a0\u00bbdefault\u00a0\u00bb global_colors_info=\u00a0\u00bb{}\u00a0\u00bb][dsm_image_accordion _builder_version=\u00a0\u00bb4.27.0&Prime; _module_preset=\u00a0\u00bbdefault\u00a0\u00bb custom_button=\u00a0\u00bbon\u00a0\u00bb global_colors_info=\u00a0\u00bb{}\u00a0\u00bb][dsm_image_accordion_child image_accordion_src=\u00a0\u00bbhttps:\/\/www.sebar.fr\/wp-content\/uploads\/2024\/04\/Visuel-communication-horizontal.png\u00a0\u00bb use_accordion_icon=\u00a0\u00bboff\u00a0\u00bb image_accordion_title=\u00a0\u00bbCOMMUNICATION &#8211; Illustration\u00a0\u00bb image_accordion_desc=\u00a0\u00bbIdentit\u00e9s visuelles, affiches, logotypes\u00a0\u00bb show_ia_button=\u00a0\u00bbon\u00a0\u00bb ia_button_text=\u00a0\u00bbJE D\u00c9COUVRE\u00a0\u00bb ia_button_link=\u00a0\u00bb@ET-DC@eyJkeW5hbWljIjp0cnVlLCJjb250ZW50IjoicG9zdF9saW5rX3VybF9wYWdlIiwic2V0dGluZ3MiOnsicG9zdF9pZCI6IjQzNyJ9fQ==@\u00a0\u00bb ia_button_link_target=\u00a0\u00bb1&Prime; _builder_version=\u00a0\u00bb4.27.0&Prime; _dynamic_attributes=\u00a0\u00bblink_option_url,ia_button_link\u00a0\u00bb _module_preset=\u00a0\u00bbdefault\u00a0\u00bb title_font=\u00a0\u00bb|800|||||||\u00a0\u00bb title_font_size=\u00a0\u00bb50px\u00a0\u00bb desc_font_size=\u00a0\u00bb22px\u00a0\u00bb custom_button=\u00a0\u00bbon\u00a0\u00bb button_text_size=\u00a0\u00bb30px\u00a0\u00bb button_bg_color=\u00a0\u00bb#449CB5&Prime; link_option_url=\u00a0\u00bb@ET-DC@eyJkeW5hbWljIjp0cnVlLCJjb250ZW50IjoicG9zdF9saW5rX3VybF9wYWdlIiwic2V0dGluZ3MiOnsicG9zdF9pZCI6IjQzNyJ9fQ==@\u00a0\u00bb title_font_size_tablet=\u00a0\u00bb50px\u00a0\u00bb title_font_size_phone=\u00a0\u00bb30px\u00a0\u00bb title_font_size_last_edited=\u00a0\u00bbon|phone\u00a0\u00bb button_text_size_tablet=\u00a0\u00bb30px\u00a0\u00bb button_text_size_phone=\u00a0\u00bb22px\u00a0\u00bb button_text_size_last_edited=\u00a0\u00bbon|phone\u00a0\u00bb border_width_all=\u00a0\u00bb4px\u00a0\u00bb border_color_all=\u00a0\u00bb#FFFFFF\u00a0\u00bb border_color_all_image=\u00a0\u00bb#21A30D\u00a0\u00bb global_colors_info=\u00a0\u00bb{}\u00a0\u00bb button_bg_color__hover_enabled=\u00a0\u00bbon|hover\u00a0\u00bb button_bg_color__hover=\u00a0\u00bb#000000&Prime; button_bg_enable_color__hover=\u00a0\u00bbon\u00a0\u00bb][\/dsm_image_accordion_child][dsm_image_accordion_child image_accordion_src=\u00a0\u00bbhttps:\/\/www.sebar.fr\/wp-content\/uploads\/2024\/04\/Visuel-storyboard-horizontal.png\u00a0\u00bb use_accordion_icon=\u00a0\u00bboff\u00a0\u00bb image_accordion_title=\u00a0\u00bbSTORYBOARDING\u00a0\u00bb image_accordion_desc=\u00a0\u00bbRoughs et storyboard publicit\u00e9s, films, dessins-anim\u00e9s\u00a0\u00bb show_ia_button=\u00a0\u00bbon\u00a0\u00bb ia_button_text=\u00a0\u00bbJE D\u00c9COUVRE\u00a0\u00bb ia_button_link=\u00a0\u00bb@ET-DC@eyJkeW5hbWljIjp0cnVlLCJjb250ZW50IjoicG9zdF9saW5rX3VybF9wYWdlIiwic2V0dGluZ3MiOnsicG9zdF9pZCI6IjE0MjIifX0=@\u00a0\u00bb ia_button_link_target=\u00a0\u00bb1&Prime; _builder_version=\u00a0\u00bb4.27.0&Prime; _dynamic_attributes=\u00a0\u00bbia_button_link\u00a0\u00bb _module_preset=\u00a0\u00bbdefault\u00a0\u00bb title_font=\u00a0\u00bb|800|||||||\u00a0\u00bb title_font_size=\u00a0\u00bb50px\u00a0\u00bb desc_font_size=\u00a0\u00bb22px\u00a0\u00bb custom_button=\u00a0\u00bbon\u00a0\u00bb button_text_size=\u00a0\u00bb30px\u00a0\u00bb button_bg_color=\u00a0\u00bb#449CB5&Prime; title_font_size_tablet=\u00a0\u00bb50px\u00a0\u00bb title_font_size_phone=\u00a0\u00bb30px\u00a0\u00bb title_font_size_last_edited=\u00a0\u00bbon|phone\u00a0\u00bb button_text_size_tablet=\u00a0\u00bb30px\u00a0\u00bb button_text_size_phone=\u00a0\u00bb22px\u00a0\u00bb button_text_size_last_edited=\u00a0\u00bbon|phone\u00a0\u00bb border_width_all=\u00a0\u00bb4px\u00a0\u00bb border_color_all=\u00a0\u00bb#FFFFFF\u00a0\u00bb border_color_all_image=\u00a0\u00bb#21A30D\u00a0\u00bb global_colors_info=\u00a0\u00bb{}\u00a0\u00bb button_bg_color__hover_enabled=\u00a0\u00bbon|hover\u00a0\u00bb button_bg_color__hover=\u00a0\u00bb#000000&Prime; button_bg_enable_color__hover=\u00a0\u00bbon\u00a0\u00bb][\/dsm_image_accordion_child][dsm_image_accordion_child image_accordion_src=\u00a0\u00bbhttps:\/\/www.sebar.fr\/wp-content\/uploads\/2024\/04\/Visuel-illustration-horizontal.png\u00a0\u00bb use_accordion_icon=\u00a0\u00bboff\u00a0\u00bb image_accordion_title=\u00a0\u00bbPROJETS D&rsquo;ANIMATION\u00a0\u00bb image_accordion_desc=\u00a0\u00bbFilms ind\u00e9pendants, projets de s\u00e9ries,  commandes, tests\u00a0\u00bb show_ia_button=\u00a0\u00bbon\u00a0\u00bb ia_button_text=\u00a0\u00bbJE D\u00c9COUVRE\u00a0\u00bb ia_button_link=\u00a0\u00bb@ET-DC@eyJkeW5hbWljIjp0cnVlLCJjb250ZW50IjoicG9zdF9saW5rX3VybF9wYWdlIiwic2V0dGluZ3MiOnsicG9zdF9pZCI6IjE0NjYifX0=@\u00a0\u00bb ia_button_link_target=\u00a0\u00bb1&Prime; _builder_version=\u00a0\u00bb4.27.0&Prime; _dynamic_attributes=\u00a0\u00bbia_button_link\u00a0\u00bb _module_preset=\u00a0\u00bbdefault\u00a0\u00bb title_font=\u00a0\u00bb|800|||||||\u00a0\u00bb title_font_size=\u00a0\u00bb50px\u00a0\u00bb desc_font_size=\u00a0\u00bb22px\u00a0\u00bb background_enable_color=\u00a0\u00bboff\u00a0\u00bb custom_button=\u00a0\u00bbon\u00a0\u00bb button_text_size=\u00a0\u00bb30px\u00a0\u00bb button_bg_color=\u00a0\u00bb#449CB5&Prime; title_font_size_tablet=\u00a0\u00bb50px\u00a0\u00bb title_font_size_phone=\u00a0\u00bb30px\u00a0\u00bb title_font_size_last_edited=\u00a0\u00bbon|phone\u00a0\u00bb button_text_size_tablet=\u00a0\u00bb30px\u00a0\u00bb button_text_size_phone=\u00a0\u00bb22px\u00a0\u00bb button_text_size_last_edited=\u00a0\u00bbon|phone\u00a0\u00bb border_width_all=\u00a0\u00bb4px\u00a0\u00bb border_color_all=\u00a0\u00bb#FFFFFF\u00a0\u00bb border_color_all_image=\u00a0\u00bb#21A30D\u00a0\u00bb global_colors_info=\u00a0\u00bb{}\u00a0\u00bb button_bg_color__hover_enabled=\u00a0\u00bbon|desktop\u00a0\u00bb button_bg_color__hover=\u00a0\u00bb#000000&Prime; button_bg_enable_color__hover=\u00a0\u00bbon\u00a0\u00bb][\/dsm_image_accordion_child][\/dsm_image_accordion][\/et_pb_column][\/et_pb_row][\/et_pb_section][et_pb_section fb_built=\u00a0\u00bb1&Prime; _builder_version=\u00a0\u00bb4.22.1&Prime; _module_preset=\u00a0\u00bbdefault\u00a0\u00bb background_color=\u00a0\u00bb#000000&Prime; background_enable_mask_style=\u00a0\u00bbon\u00a0\u00bb background_mask_style=\u00a0\u00bbcorner-paint\u00a0\u00bb background_mask_color=\u00a0\u00bb#FFFFFF\u00a0\u00bb background_mask_transform=\u00a0\u00bbinvert\u00a0\u00bb custom_margin=\u00a0\u00bb2px||||false|false\u00a0\u00bb custom_padding=\u00a0\u00bb36px||39px||false|false\u00a0\u00bb global_colors_info=\u00a0\u00bb{}\u00a0\u00bb][et_pb_row _builder_version=\u00a0\u00bb4.22.1&Prime; _module_preset=\u00a0\u00bbdefault\u00a0\u00bb background_color=\u00a0\u00bb#FFFFFF\u00a0\u00bb width=\u00a0\u00bb100%\u00a0\u00bb max_width=\u00a0\u00bb100%\u00a0\u00bb module_alignment=\u00a0\u00bbleft\u00a0\u00bb custom_padding=\u00a0\u00bb4px||0px||false|false\u00a0\u00bb global_colors_info=\u00a0\u00bb{}\u00a0\u00bb][et_pb_column type=\u00a0\u00bb4_4&Prime; _builder_version=\u00a0\u00bb4.22.1&Prime; _module_preset=\u00a0\u00bbdefault\u00a0\u00bb global_colors_info=\u00a0\u00bb{}\u00a0\u00bb][et_pb_text _builder_version=\u00a0\u00bb4.22.2&Prime; _module_preset=\u00a0\u00bbdefault\u00a0\u00bb header_3_text_color=\u00a0\u00bb#000000&Prime; header_3_font_size=\u00a0\u00bb30px\u00a0\u00bb header_3_line_height=\u00a0\u00bb1.8em\u00a0\u00bb background_enable_color=\u00a0\u00bboff\u00a0\u00bb custom_margin=\u00a0\u00bb85px||-10px||false|false\u00a0\u00bb custom_padding=\u00a0\u00bb2px||2px|35px|true|false\u00a0\u00bb border_radii=\u00a0\u00bboff||||\u00a0\u00bb global_colors_info=\u00a0\u00bb{}\u00a0\u00bb]<\/p>\n<h3>DERNIERS PROJETS<\/h3>\n<p>[\/et_pb_text][\/et_pb_column][\/et_pb_row][et_pb_row _builder_version=\u00a0\u00bb4.27.0&Prime; _module_preset=\u00a0\u00bbdefault\u00a0\u00bb max_width=\u00a0\u00bb100%\u00a0\u00bb custom_margin=\u00a0\u00bb25px||||false|false\u00a0\u00bb global_colors_info=\u00a0\u00bb{}\u00a0\u00bb][et_pb_column type=\u00a0\u00bb4_4&Prime; _builder_version=\u00a0\u00bb4.22.2&Prime; _module_preset=\u00a0\u00bbdefault\u00a0\u00bb global_colors_info=\u00a0\u00bb{}\u00a0\u00bb][et_pb_portfolio fullwidth=\u00a0\u00bboff\u00a0\u00bb posts_number=\u00a0\u00bb4&Prime; include_categories=\u00a0\u00bball\u00a0\u00bb show_pagination=\u00a0\u00bboff\u00a0\u00bb _builder_version=\u00a0\u00bb4.22.2&Prime; _module_preset=\u00a0\u00bbdefault\u00a0\u00bb box_shadow_style=\u00a0\u00bbpreset1&Prime; global_colors_info=\u00a0\u00bb{}\u00a0\u00bb][\/et_pb_portfolio][\/et_pb_column][\/et_pb_row][\/et_pb_section][et_pb_section fb_built=\u00a0\u00bb1&Prime; prev_background_color=\u00a0\u00bb#000000&Prime; _builder_version=\u00a0\u00bb4.27.0&Prime; _module_preset=\u00a0\u00bbdefault\u00a0\u00bb custom_padding=\u00a0\u00bb31px||7px|||\u00a0\u00bb top_divider_style=\u00a0\u00bbmountains2&Prime; global_colors_info=\u00a0\u00bb{}\u00a0\u00bb][et_pb_row _builder_version=\u00a0\u00bb4.22.1&Prime; _module_preset=\u00a0\u00bbdefault\u00a0\u00bb width=\u00a0\u00bb100%\u00a0\u00bb max_width=\u00a0\u00bb100%\u00a0\u00bb global_colors_info=\u00a0\u00bb{}\u00a0\u00bb][et_pb_column type=\u00a0\u00bb4_4&Prime; _builder_version=\u00a0\u00bb4.22.1&Prime; _module_preset=\u00a0\u00bbdefault\u00a0\u00bb global_colors_info=\u00a0\u00bb{}\u00a0\u00bb][et_pb_code _builder_version=\u00a0\u00bb4.27.0&Prime; _module_preset=\u00a0\u00bbdefault\u00a0\u00bb custom_margin=\u00a0\u00bb93px||93px||true|false\u00a0\u00bb custom_padding=\u00a0\u00bb|24px||24px|false|true\u00a0\u00bb global_colors_info=\u00a0\u00bb{}\u00a0\u00bb]\n<div id=\"sb_instagram\"  class=\"sbi sbi_mob_col_1 sbi_tab_col_2 sbi_col_4 sbi_width_resp\" style=\"padding-bottom: 10px;\"\t data-feedid=\"*2\"  data-res=\"auto\" data-cols=\"4\" data-colsmobile=\"1\" data-colstablet=\"2\" data-num=\"4\" data-nummobile=\"2\" data-item-padding=\"5\"\t data-shortcode-atts=\"{&quot;feed&quot;:&quot;2&quot;}\"  data-postid=\"34\" data-locatornonce=\"52e8fce2e8\" data-imageaspectratio=\"1:1\" data-sbi-flags=\"favorLocal,gdpr\">\n\t\n\t<div id=\"sbi_images\"  style=\"gap: 10px;\">\n\t\t\t<\/div>\n\n\t<div id=\"sbi_load\" >\n\n\t\n\t\t\t<span class=\"sbi_follow_btn sbi_custom\" >\n\t\t\t<a target=\"_blank\"\n\t\t\t\trel=\"nofollow noopener\"  href=\"https:\/\/www.instagram.com\/sebar2.0\/\" style=\"background: rgb(64,139,209);\">\n\t\t\t\t<svg class=\"svg-inline--fa fa-instagram fa-w-14\" aria-hidden=\"true\" data-fa-processed=\"\" aria-label=\"Instagram\" data-prefix=\"fab\" data-icon=\"instagram\" role=\"img\" viewBox=\"0 0 448 512\">\n                    <path fill=\"currentColor\" d=\"M224.1 141c-63.6 0-114.9 51.3-114.9 114.9s51.3 114.9 114.9 114.9S339 319.5 339 255.9 287.7 141 224.1 141zm0 189.6c-41.1 0-74.7-33.5-74.7-74.7s33.5-74.7 74.7-74.7 74.7 33.5 74.7 74.7-33.6 74.7-74.7 74.7zm146.4-194.3c0 14.9-12 26.8-26.8 26.8-14.9 0-26.8-12-26.8-26.8s12-26.8 26.8-26.8 26.8 12 26.8 26.8zm76.1 27.2c-1.7-35.9-9.9-67.7-36.2-93.9-26.2-26.2-58-34.4-93.9-36.2-37-2.1-147.9-2.1-184.9 0-35.8 1.7-67.6 9.9-93.9 36.1s-34.4 58-36.2 93.9c-2.1 37-2.1 147.9 0 184.9 1.7 35.9 9.9 67.7 36.2 93.9s58 34.4 93.9 36.2c37 2.1 147.9 2.1 184.9 0 35.9-1.7 67.7-9.9 93.9-36.2 26.2-26.2 34.4-58 36.2-93.9 2.1-37 2.1-147.8 0-184.8zM398.8 388c-7.8 19.6-22.9 34.7-42.6 42.6-29.5 11.7-99.5 9-132.1 9s-102.7 2.6-132.1-9c-19.6-7.8-34.7-22.9-42.6-42.6-11.7-29.5-9-99.5-9-132.1s-2.6-102.7 9-132.1c7.8-19.6 22.9-34.7 42.6-42.6 29.5-11.7 99.5-9 132.1-9s102.7-2.6 132.1 9c19.6 7.8 34.7 22.9 42.6 42.6 11.7 29.5 9 99.5 9 132.1s2.7 102.7-9 132.1z\"><\/path>\n                <\/svg>\t\t\t\t<span>Suivre<\/span>\n\t\t\t<\/a>\n\t\t<\/span>\n\t\n<\/div>\n\t\t<span class=\"sbi_resized_image_data\" data-feed-id=\"*2\"\n\t\t  data-resized=\"[]\">\n\t<\/span>\n\t<\/div>\n\n[\/et_pb_code][\/et_pb_column][\/et_pb_row][\/et_pb_section]<\/p>\n","protected":false},"excerpt":{"rendered":"<p>\u00a0 \u00a0 \u00a0 \u00a0 \u00a0 \u00a0 \u00a0 \u00a0 \u00a0 \u00a0 \u00a0 \u00a0 \u00a0 \u00a0 \u00a0 \u00a0\u00a0 Storyboarder &amp; auteur visuel Depuis plus de vingt ans, j\u2019accompagne la mise en image de projets en animation, publicit\u00e9 et cin\u00e9ma, en concevant des storyboards au service de la narration, du rythme et de la mise en sc\u00e8ne. Form\u00e9 [&hellip;]<\/p>\n","protected":false},"author":1,"featured_media":0,"parent":0,"menu_order":0,"comment_status":"closed","ping_status":"closed","template":"","meta":{"_et_pb_use_builder":"on","_et_pb_old_content":"","_et_gb_content_width":"","footnotes":""},"class_list":["post-34","page","type-page","status-publish","hentry"],"yoast_head":"<!-- This site is optimized with the Yoast SEO plugin v26.5 - https:\/\/yoast.com\/wordpress\/plugins\/seo\/ -->\n<title>SEBAR - Sebar<\/title>\n<meta name=\"robots\" content=\"index, follow, max-snippet:-1, max-image-preview:large, max-video-preview:-1\" \/>\n<link rel=\"canonical\" href=\"https:\/\/www.sebar.fr\/\" \/>\n<meta property=\"og:locale\" content=\"fr_FR\" \/>\n<meta property=\"og:type\" content=\"article\" \/>\n<meta property=\"og:title\" content=\"SEBAR - Sebar\" \/>\n<meta property=\"og:description\" content=\"\u00a0 \u00a0 \u00a0 \u00a0 \u00a0 \u00a0 \u00a0 \u00a0 \u00a0 \u00a0 \u00a0 \u00a0 \u00a0 \u00a0 \u00a0 \u00a0\u00a0 Storyboarder &amp; auteur visuel Depuis plus de vingt ans, j\u2019accompagne la mise en image de projets en animation, publicit\u00e9 et cin\u00e9ma, en concevant des storyboards au service de la narration, du rythme et de la mise en sc\u00e8ne. Form\u00e9 [&hellip;]\" \/>\n<meta property=\"og:url\" content=\"https:\/\/www.sebar.fr\/\" \/>\n<meta property=\"og:site_name\" content=\"Sebar\" \/>\n<meta property=\"article:modified_time\" content=\"2026-03-22T18:22:08+00:00\" \/>\n<meta name=\"twitter:card\" content=\"summary_large_image\" \/>\n<script type=\"application\/ld+json\" class=\"yoast-schema-graph\">{\"@context\":\"https:\/\/schema.org\",\"@graph\":[{\"@type\":\"WebPage\",\"@id\":\"https:\/\/www.sebar.fr\/\",\"url\":\"https:\/\/www.sebar.fr\/\",\"name\":\"SEBAR - Sebar\",\"isPartOf\":{\"@id\":\"https:\/\/www.sebar.fr\/#website\"},\"datePublished\":\"2023-08-21T14:06:47+00:00\",\"dateModified\":\"2026-03-22T18:22:08+00:00\",\"breadcrumb\":{\"@id\":\"https:\/\/www.sebar.fr\/#breadcrumb\"},\"inLanguage\":\"fr-FR\",\"potentialAction\":[{\"@type\":\"ReadAction\",\"target\":[\"https:\/\/www.sebar.fr\/\"]}]},{\"@type\":\"BreadcrumbList\",\"@id\":\"https:\/\/www.sebar.fr\/#breadcrumb\",\"itemListElement\":[{\"@type\":\"ListItem\",\"position\":1,\"name\":\"Accueil\",\"item\":\"https:\/\/www.sebar.fr\/\"},{\"@type\":\"ListItem\",\"position\":2,\"name\":\"SEBAR\"}]},{\"@type\":\"WebSite\",\"@id\":\"https:\/\/www.sebar.fr\/#website\",\"url\":\"https:\/\/www.sebar.fr\/\",\"name\":\"Sebar\",\"description\":\"S&eacute;bastien Armand Lurcel storyboard et illustrations\",\"potentialAction\":[{\"@type\":\"SearchAction\",\"target\":{\"@type\":\"EntryPoint\",\"urlTemplate\":\"https:\/\/www.sebar.fr\/?s={search_term_string}\"},\"query-input\":{\"@type\":\"PropertyValueSpecification\",\"valueRequired\":true,\"valueName\":\"search_term_string\"}}],\"inLanguage\":\"fr-FR\"}]}<\/script>\n<!-- \/ Yoast SEO plugin. -->","yoast_head_json":{"title":"SEBAR - Sebar","robots":{"index":"index","follow":"follow","max-snippet":"max-snippet:-1","max-image-preview":"max-image-preview:large","max-video-preview":"max-video-preview:-1"},"canonical":"https:\/\/www.sebar.fr\/","og_locale":"fr_FR","og_type":"article","og_title":"SEBAR - Sebar","og_description":"\u00a0 \u00a0 \u00a0 \u00a0 \u00a0 \u00a0 \u00a0 \u00a0 \u00a0 \u00a0 \u00a0 \u00a0 \u00a0 \u00a0 \u00a0 \u00a0\u00a0 Storyboarder &amp; auteur visuel Depuis plus de vingt ans, j\u2019accompagne la mise en image de projets en animation, publicit\u00e9 et cin\u00e9ma, en concevant des storyboards au service de la narration, du rythme et de la mise en sc\u00e8ne. Form\u00e9 [&hellip;]","og_url":"https:\/\/www.sebar.fr\/","og_site_name":"Sebar","article_modified_time":"2026-03-22T18:22:08+00:00","twitter_card":"summary_large_image","schema":{"@context":"https:\/\/schema.org","@graph":[{"@type":"WebPage","@id":"https:\/\/www.sebar.fr\/","url":"https:\/\/www.sebar.fr\/","name":"SEBAR - Sebar","isPartOf":{"@id":"https:\/\/www.sebar.fr\/#website"},"datePublished":"2023-08-21T14:06:47+00:00","dateModified":"2026-03-22T18:22:08+00:00","breadcrumb":{"@id":"https:\/\/www.sebar.fr\/#breadcrumb"},"inLanguage":"fr-FR","potentialAction":[{"@type":"ReadAction","target":["https:\/\/www.sebar.fr\/"]}]},{"@type":"BreadcrumbList","@id":"https:\/\/www.sebar.fr\/#breadcrumb","itemListElement":[{"@type":"ListItem","position":1,"name":"Accueil","item":"https:\/\/www.sebar.fr\/"},{"@type":"ListItem","position":2,"name":"SEBAR"}]},{"@type":"WebSite","@id":"https:\/\/www.sebar.fr\/#website","url":"https:\/\/www.sebar.fr\/","name":"Sebar","description":"S&eacute;bastien Armand Lurcel storyboard et illustrations","potentialAction":[{"@type":"SearchAction","target":{"@type":"EntryPoint","urlTemplate":"https:\/\/www.sebar.fr\/?s={search_term_string}"},"query-input":{"@type":"PropertyValueSpecification","valueRequired":true,"valueName":"search_term_string"}}],"inLanguage":"fr-FR"}]}},"_links":{"self":[{"href":"https:\/\/www.sebar.fr\/index.php?rest_route=\/wp\/v2\/pages\/34","targetHints":{"allow":["GET"]}}],"collection":[{"href":"https:\/\/www.sebar.fr\/index.php?rest_route=\/wp\/v2\/pages"}],"about":[{"href":"https:\/\/www.sebar.fr\/index.php?rest_route=\/wp\/v2\/types\/page"}],"author":[{"embeddable":true,"href":"https:\/\/www.sebar.fr\/index.php?rest_route=\/wp\/v2\/users\/1"}],"replies":[{"embeddable":true,"href":"https:\/\/www.sebar.fr\/index.php?rest_route=%2Fwp%2Fv2%2Fcomments&post=34"}],"version-history":[{"count":70,"href":"https:\/\/www.sebar.fr\/index.php?rest_route=\/wp\/v2\/pages\/34\/revisions"}],"predecessor-version":[{"id":2338,"href":"https:\/\/www.sebar.fr\/index.php?rest_route=\/wp\/v2\/pages\/34\/revisions\/2338"}],"wp:attachment":[{"href":"https:\/\/www.sebar.fr\/index.php?rest_route=%2Fwp%2Fv2%2Fmedia&parent=34"}],"curies":[{"name":"wp","href":"https:\/\/api.w.org\/{rel}","templated":true}]}}