{"id":1962,"date":"2024-07-25T13:06:01","date_gmt":"2024-07-25T13:06:01","guid":{"rendered":"https:\/\/www.sebar.fr\/?page_id=1962"},"modified":"2024-08-01T14:01:19","modified_gmt":"2024-08-01T14:01:19","slug":"carton-a-dessins","status":"publish","type":"page","link":"https:\/\/www.sebar.fr\/?page_id=1962","title":{"rendered":"Carton \u00e0 dessins"},"content":{"rendered":"<p>[et_pb_section fb_built=\u00a0\u00bb1&Prime; _builder_version=\u00a0\u00bb4.22.1&Prime; _module_preset=\u00a0\u00bbdefault\u00a0\u00bb custom_padding=\u00a0\u00bb||0px|||\u00a0\u00bb global_colors_info=\u00a0\u00bb{}\u00a0\u00bb][et_pb_row _builder_version=\u00a0\u00bb4.22.1&Prime; _module_preset=\u00a0\u00bbdefault\u00a0\u00bb max_width=\u00a0\u00bb100%\u00a0\u00bb module_alignment=\u00a0\u00bbleft\u00a0\u00bb custom_padding=\u00a0\u00bb||4px|||\u00a0\u00bb global_colors_info=\u00a0\u00bb{}\u00a0\u00bb][et_pb_column type=\u00a0\u00bb4_4&Prime; _builder_version=\u00a0\u00bb4.22.1&Prime; _module_preset=\u00a0\u00bbdefault\u00a0\u00bb global_colors_info=\u00a0\u00bb{}\u00a0\u00bb][et_pb_text _builder_version=\u00a0\u00bb4.27.0&Prime; _module_preset=\u00a0\u00bbdefault\u00a0\u00bb header_3_font_size=\u00a0\u00bb30px\u00a0\u00bb header_3_line_height=\u00a0\u00bb1.8em\u00a0\u00bb background_color=\u00a0\u00bb#FFFFFF\u00a0\u00bb custom_margin=\u00a0\u00bb0px||0px||false|false\u00a0\u00bb custom_padding=\u00a0\u00bb2px||0px|35px|false|false\u00a0\u00bb border_radii=\u00a0\u00bboff||15px|15px|\u00a0\u00bb global_colors_info=\u00a0\u00bb{}\u00a0\u00bb]<\/p>\n<h3>Carton \u00e0 Dessins<\/h3>\n<p>[\/et_pb_text][\/et_pb_column][\/et_pb_row][et_pb_row _builder_version=\u00a0\u00bb4.22.2&Prime; _module_preset=\u00a0\u00bbdefault\u00a0\u00bb global_colors_info=\u00a0\u00bb{}\u00a0\u00bb][et_pb_column type=\u00a0\u00bb4_4&Prime; _builder_version=\u00a0\u00bb4.22.2&Prime; _module_preset=\u00a0\u00bbdefault\u00a0\u00bb global_colors_info=\u00a0\u00bb{}\u00a0\u00bb][et_pb_text _builder_version=\u00a0\u00bb4.27.0&Prime; _module_preset=\u00a0\u00bbdefault\u00a0\u00bb text_font_size=\u00a0\u00bb20px\u00a0\u00bb global_colors_info=\u00a0\u00bb{}\u00a0\u00bb]<\/p>\n<p>D\u00e9couvrez l&rsquo;ensemble de nos divers projets Dessin.<\/p>\n<p>[\/et_pb_text][\/et_pb_column][\/et_pb_row][\/et_pb_section][et_pb_section fb_built=\u00a0\u00bb1&Prime; _builder_version=\u00a0\u00bb4.27.0&Prime; _module_preset=\u00a0\u00bbdefault\u00a0\u00bb background_color=\u00a0\u00bb#449CB5&Prime; background_enable_mask_style=\u00a0\u00bbon\u00a0\u00bb background_mask_style=\u00a0\u00bbcorner-paint\u00a0\u00bb background_mask_color=\u00a0\u00bb#000000&Prime; global_colors_info=\u00a0\u00bb{}\u00a0\u00bb][et_pb_row column_structure=\u00a0\u00bb1_4,1_2,1_4&Prime; use_custom_gutter=\u00a0\u00bbon\u00a0\u00bb _builder_version=\u00a0\u00bb4.27.0&Prime; _module_preset=\u00a0\u00bbdefault\u00a0\u00bb width=\u00a0\u00bb75%\u00a0\u00bb max_width=\u00a0\u00bb1530px\u00a0\u00bb custom_margin=\u00a0\u00bb||||false|false\u00a0\u00bb custom_padding=\u00a0\u00bb0px||0px|||\u00a0\u00bb global_colors_info=\u00a0\u00bb{}\u00a0\u00bb][et_pb_column type=\u00a0\u00bb1_4&Prime; _builder_version=\u00a0\u00bb4.22.1&Prime; _module_preset=\u00a0\u00bbdefault\u00a0\u00bb global_colors_info=\u00a0\u00bb{}\u00a0\u00bb][\/et_pb_column][et_pb_column type=\u00a0\u00bb1_2&Prime; _builder_version=\u00a0\u00bb4.22.2&Prime; _module_preset=\u00a0\u00bbdefault\u00a0\u00bb global_colors_info=\u00a0\u00bb{}\u00a0\u00bb][dsm_image_reveal reveal_text=\u00a0\u00bbCroquis Live\u00a0\u00bb src=\u00a0\u00bbhttps:\/\/www.sebar.fr\/wp-content\/uploads\/2024\/07\/Cafe-du-village-Aneres.jpg\u00a0\u00bb title_text=\u00a0\u00bbCafe\u0301 du village Ane\u0300res\u00a0\u00bb reveal_overlay_color=\u00a0\u00bb#449CB5&Prime; align=\u00a0\u00bbcenter\u00a0\u00bb force_fullwidth=\u00a0\u00bbon\u00a0\u00bb _builder_version=\u00a0\u00bb4.27.0&Prime; _dynamic_attributes=\u00a0\u00bblink_option_url\u00a0\u00bb _module_preset=\u00a0\u00bbdefault\u00a0\u00bb width=\u00a0\u00bb100%\u00a0\u00bb module_alignment=\u00a0\u00bbcenter\u00a0\u00bb custom_margin=\u00a0\u00bb13px|0px|0px|0px|false|true\u00a0\u00bb custom_padding=\u00a0\u00bb|0px||0px|true|true\u00a0\u00bb animation_style=\u00a0\u00bbslide\u00a0\u00bb animation_direction=\u00a0\u00bbbottom\u00a0\u00bb link_option_url=\u00a0\u00bb@ET-DC@eyJkeW5hbWljIjp0cnVlLCJjb250ZW50IjoicG9zdF9saW5rX3VybF9wcm9qZWN0Iiwic2V0dGluZ3MiOnsicG9zdF9pZCI6IjE5NjQifX0=@\u00a0\u00bb global_colors_info=\u00a0\u00bb{}\u00a0\u00bb][\/dsm_image_reveal][\/et_pb_column][et_pb_column type=\u00a0\u00bb1_4&Prime; _builder_version=\u00a0\u00bb4.22.2&Prime; _module_preset=\u00a0\u00bbdefault\u00a0\u00bb global_colors_info=\u00a0\u00bb{}\u00a0\u00bb][\/et_pb_column][\/et_pb_row][et_pb_row column_structure=\u00a0\u00bb1_3,1_3,1_3&Prime; use_custom_gutter=\u00a0\u00bbon\u00a0\u00bb _builder_version=\u00a0\u00bb4.27.0&Prime; _module_preset=\u00a0\u00bbdefault\u00a0\u00bb width=\u00a0\u00bb91%\u00a0\u00bb max_width=\u00a0\u00bb1746px\u00a0\u00bb custom_margin=\u00a0\u00bb||||false|false\u00a0\u00bb custom_padding=\u00a0\u00bb0px||0px|||\u00a0\u00bb global_colors_info=\u00a0\u00bb{}\u00a0\u00bb][et_pb_column type=\u00a0\u00bb1_3&Prime; _builder_version=\u00a0\u00bb4.22.1&Prime; _module_preset=\u00a0\u00bbdefault\u00a0\u00bb global_colors_info=\u00a0\u00bb{}\u00a0\u00bb][dsm_image_reveal reveal_text=\u00a0\u00bbVintage\u00a0\u00bb src=\u00a0\u00bbhttps:\/\/www.sebar.fr\/wp-content\/uploads\/2024\/07\/Un-gars-une-fille-scaled.jpg\u00a0\u00bb title_text=\u00a0\u00bbUn gars une fille\u00a0\u00bb reveal_overlay_color=\u00a0\u00bb#449CB5&Prime; align=\u00a0\u00bbcenter\u00a0\u00bb force_fullwidth=\u00a0\u00bbon\u00a0\u00bb _builder_version=\u00a0\u00bb4.27.0&Prime; _dynamic_attributes=\u00a0\u00bblink_option_url\u00a0\u00bb _module_preset=\u00a0\u00bbdefault\u00a0\u00bb width=\u00a0\u00bb76%\u00a0\u00bb module_alignment=\u00a0\u00bbcenter\u00a0\u00bb custom_margin=\u00a0\u00bb-260px|0px|0px|0px|false|true\u00a0\u00bb custom_padding=\u00a0\u00bb0px|0px|0px|0px|true|true\u00a0\u00bb animation_style=\u00a0\u00bbslide\u00a0\u00bb animation_direction=\u00a0\u00bbbottom\u00a0\u00bb link_option_url=\u00a0\u00bb@ET-DC@eyJkeW5hbWljIjp0cnVlLCJjb250ZW50IjoicG9zdF9saW5rX3VybF9wcm9qZWN0Iiwic2V0dGluZ3MiOnsicG9zdF9pZCI6IjIwMzkifX0=@\u00a0\u00bb global_colors_info=\u00a0\u00bb{}\u00a0\u00bb][\/dsm_image_reveal][\/et_pb_column][et_pb_column type=\u00a0\u00bb1_3&Prime; _builder_version=\u00a0\u00bb4.22.2&Prime; _module_preset=\u00a0\u00bbdefault\u00a0\u00bb global_colors_info=\u00a0\u00bb{}\u00a0\u00bb][dsm_image_reveal reveal_text=\u00a0\u00bbPatchwork\u00a0\u00bb src=\u00a0\u00bbhttps:\/\/www.sebar.fr\/wp-content\/uploads\/2024\/08\/Drunk-Leprechaun-scaled.jpg\u00a0\u00bb title_text=\u00a0\u00bbDrunk Leprechaun\u00a0\u00bb reveal_overlay_color=\u00a0\u00bb#449CB5&Prime; align=\u00a0\u00bbright\u00a0\u00bb force_fullwidth=\u00a0\u00bbon\u00a0\u00bb _builder_version=\u00a0\u00bb4.27.0&Prime; _dynamic_attributes=\u00a0\u00bblink_option_url\u00a0\u00bb _module_preset=\u00a0\u00bbdefault\u00a0\u00bb width=\u00a0\u00bb100%\u00a0\u00bb module_alignment=\u00a0\u00bbcenter\u00a0\u00bb custom_margin=\u00a0\u00bb42px|-9px|0px|-9px|false|true\u00a0\u00bb custom_padding=\u00a0\u00bb|0px||0px|true|true\u00a0\u00bb animation_style=\u00a0\u00bbslide\u00a0\u00bb animation_direction=\u00a0\u00bbbottom\u00a0\u00bb link_option_url=\u00a0\u00bb@ET-DC@eyJkeW5hbWljIjp0cnVlLCJjb250ZW50IjoicG9zdF9saW5rX3VybF9wcm9qZWN0Iiwic2V0dGluZ3MiOnsicG9zdF9pZCI6IjIwNzAifX0=@\u00a0\u00bb hover_enabled=\u00a0\u00bb0&Prime; global_colors_info=\u00a0\u00bb{}\u00a0\u00bb sticky_enabled=\u00a0\u00bb0&Prime;][\/dsm_image_reveal][\/et_pb_column][et_pb_column type=\u00a0\u00bb1_3&Prime; _builder_version=\u00a0\u00bb4.22.2&Prime; _module_preset=\u00a0\u00bbdefault\u00a0\u00bb global_colors_info=\u00a0\u00bb{}\u00a0\u00bb][dsm_image_reveal reveal_text=\u00a0\u00bbBande Dessin\u00e9e\u00a0\u00bb src=\u00a0\u00bbhttps:\/\/www.sebar.fr\/wp-content\/uploads\/2024\/08\/Evolution-2-Recherche.jpg\u00a0\u00bb title_text=\u00a0\u00bbEvolution 2 Recherche\u00a0\u00bb reveal_overlay_color=\u00a0\u00bb#449CB5&Prime; align=\u00a0\u00bbcenter\u00a0\u00bb force_fullwidth=\u00a0\u00bbon\u00a0\u00bb _builder_version=\u00a0\u00bb4.27.0&Prime; _dynamic_attributes=\u00a0\u00bblink_option_url\u00a0\u00bb _module_preset=\u00a0\u00bbdefault\u00a0\u00bb width=\u00a0\u00bb90%\u00a0\u00bb module_alignment=\u00a0\u00bbright\u00a0\u00bb custom_margin=\u00a0\u00bb-91px|0px|0px|0px|false|true\u00a0\u00bb custom_padding=\u00a0\u00bb|0px||0px|true|true\u00a0\u00bb animation_style=\u00a0\u00bbslide\u00a0\u00bb animation_direction=\u00a0\u00bbbottom\u00a0\u00bb link_option_url=\u00a0\u00bb@ET-DC@eyJkeW5hbWljIjp0cnVlLCJjb250ZW50IjoicG9zdF9saW5rX3VybF9wcm9qZWN0Iiwic2V0dGluZ3MiOnsicG9zdF9pZCI6IjIxMTAifX0=@\u00a0\u00bb hover_enabled=\u00a0\u00bb0&Prime; global_colors_info=\u00a0\u00bb{}\u00a0\u00bb sticky_enabled=\u00a0\u00bb0&Prime;][\/dsm_image_reveal][\/et_pb_column][\/et_pb_row][\/et_pb_section]<\/p>\n","protected":false},"excerpt":{"rendered":"<p>Carton \u00e0 DessinsD\u00e9couvrez l&rsquo;ensemble de nos divers projets Dessin.<div class=\"et_pb_module dsm_image_reveal dsm_image_reveal_0 et_animated et-waypoint\">\n\t\t\t\t\n\t\t\t\t\n\t\t\t\t\n\t\t\t\t\n\t\t\t\t\n\t\t\t\t\n\t\t\t\t<div class=\"et_pb_module_inner\">\n\t\t\t\t\t<div class=\"dsm-image-reveal et_pb_bg_layout_dark et_always_center_on_mobile\">\n\t\t\t\t\n\t\t\t\t\n\t\t\t\t<div class=\"dsm-image-wrapper\"><span class=\"et_pb_image_wrap\"><div class=\"dsm-image-reveal-overlay\"><\/div><img decoding=\"async\" src=\"https:\/\/www.sebar.fr\/wp-content\/uploads\/2024\/07\/Cafe-du-village-Aneres.jpg\" alt=\"\" title=\"Cafe\u0301 du village Ane\u0300res\" \/><div class=\"dsm-image-reveal-text-wrapper\"><h3 class=\"dsm-image-reveal-text et_pb_module_header et_pb_text_align_center\" data-splitting>Croquis Live<\/h3><\/div><\/span><\/div>\n\t\t\t<\/div>\n\t\t\t\t<\/div>\n\t\t\t<\/div><div class=\"et_pb_module dsm_image_reveal dsm_image_reveal_1 et_animated et-waypoint\">\n\t\t\t\t\n\t\t\t\t\n\t\t\t\t\n\t\t\t\t\n\t\t\t\t\n\t\t\t\t\n\t\t\t\t<div class=\"et_pb_module_inner\">\n\t\t\t\t\t<div class=\"dsm-image-reveal et_pb_bg_layout_dark et_always_center_on_mobile\">\n\t\t\t\t\n\t\t\t\t\n\t\t\t\t<div class=\"dsm-image-wrapper\"><span class=\"et_pb_image_wrap\"><div class=\"dsm-image-reveal-overlay\"><\/div><img decoding=\"async\" src=\"https:\/\/www.sebar.fr\/wp-content\/uploads\/2024\/07\/Un-gars-une-fille-scaled.jpg\" alt=\"\" title=\"Un gars une fille\" \/><div class=\"dsm-image-reveal-text-wrapper\"><h3 class=\"dsm-image-reveal-text et_pb_module_header et_pb_text_align_center\" data-splitting>Vintage<\/h3><\/div><\/span><\/div>\n\t\t\t<\/div>\n\t\t\t\t<\/div>\n\t\t\t<\/div><div class=\"et_pb_module dsm_image_reveal dsm_image_reveal_2\">\n\t\t\t\t\n\t\t\t\t\n\t\t\t\t\n\t\t\t\t\n\t\t\t\t\n\t\t\t\t\n\t\t\t\t<div class=\"et_pb_module_inner\">\n\t\t\t\t\t<div class=\"dsm-image-reveal et_pb_bg_layout_dark et_always_center_on_mobile\">\n\t\t\t\t\n\t\t\t\t\n\t\t\t\t<div class=\"dsm-image-wrapper\"><span class=\"et_pb_image_wrap\"><div class=\"dsm-image-reveal-overlay\"><\/div><img decoding=\"async\" src=\"\u00bbhttps:\/\/www.sebar.fr\/wp-content\/uploads\/2024\/08\/Drunk-Leprechaun-scaled.jpg\" alt=\"\" title=\"\u00bbDrunk\" \/><div class=\"dsm-image-reveal-text-wrapper\"><h3 class=\"dsm-image-reveal-text et_pb_module_header et_pb_text_align_center\" data-splitting>\u00bbPatchwork<\/h3><\/div><\/span><\/div>\n\t\t\t<\/div>\n\t\t\t\t<\/div>\n\t\t\t<\/div><\/p>\n","protected":false},"author":2,"featured_media":0,"parent":0,"menu_order":0,"comment_status":"closed","ping_status":"closed","template":"","meta":{"_et_pb_use_builder":"on","_et_pb_old_content":"<!-- wp:divi\/placeholder \/-->","_et_gb_content_width":"","footnotes":""},"class_list":["post-1962","page","type-page","status-publish","hentry"],"yoast_head":"<!-- This site is optimized with the Yoast SEO plugin v26.5 - https:\/\/yoast.com\/wordpress\/plugins\/seo\/ -->\n<title>Carton \u00e0 dessins - Sebar<\/title>\n<meta name=\"description\" content=\"D\u00e9couvrez notre page Carton \u00e0 dessins, qui r\u00e9unie l&#039;ensemble des dessins que j&#039;ai pu effectuer qu&#039;ils soient personnels ou professionnels.\" \/>\n<meta name=\"robots\" content=\"index, follow, max-snippet:-1, max-image-preview:large, max-video-preview:-1\" \/>\n<link rel=\"canonical\" href=\"https:\/\/www.sebar.fr\/?page_id=1962\" \/>\n<meta property=\"og:locale\" content=\"fr_FR\" \/>\n<meta property=\"og:type\" content=\"article\" \/>\n<meta property=\"og:title\" content=\"Carton \u00e0 dessins - Sebar\" \/>\n<meta property=\"og:description\" content=\"D\u00e9couvrez notre page Carton \u00e0 dessins, qui r\u00e9unie l&#039;ensemble des dessins que j&#039;ai pu effectuer qu&#039;ils soient personnels ou professionnels.\" \/>\n<meta property=\"og:url\" content=\"https:\/\/www.sebar.fr\/?page_id=1962\" \/>\n<meta property=\"og:site_name\" content=\"Sebar\" \/>\n<meta property=\"article:modified_time\" content=\"2024-08-01T14:01:19+00:00\" \/>\n<meta name=\"twitter:card\" content=\"summary_large_image\" \/>\n<meta name=\"twitter:label1\" content=\"Dur\u00e9e de lecture estim\u00e9e\" \/>\n\t<meta name=\"twitter:data1\" content=\"1 minute\" \/>\n<script type=\"application\/ld+json\" class=\"yoast-schema-graph\">{\"@context\":\"https:\/\/schema.org\",\"@graph\":[{\"@type\":\"WebPage\",\"@id\":\"https:\/\/www.sebar.fr\/?page_id=1962\",\"url\":\"https:\/\/www.sebar.fr\/?page_id=1962\",\"name\":\"Carton \u00e0 dessins - Sebar\",\"isPartOf\":{\"@id\":\"https:\/\/www.sebar.fr\/#website\"},\"datePublished\":\"2024-07-25T13:06:01+00:00\",\"dateModified\":\"2024-08-01T14:01:19+00:00\",\"description\":\"D\u00e9couvrez notre page Carton \u00e0 dessins, qui r\u00e9unie l'ensemble des dessins que j'ai pu effectuer qu'ils soient personnels ou professionnels.\",\"breadcrumb\":{\"@id\":\"https:\/\/www.sebar.fr\/?page_id=1962#breadcrumb\"},\"inLanguage\":\"fr-FR\",\"potentialAction\":[{\"@type\":\"ReadAction\",\"target\":[\"https:\/\/www.sebar.fr\/?page_id=1962\"]}]},{\"@type\":\"BreadcrumbList\",\"@id\":\"https:\/\/www.sebar.fr\/?page_id=1962#breadcrumb\",\"itemListElement\":[{\"@type\":\"ListItem\",\"position\":1,\"name\":\"Accueil\",\"item\":\"https:\/\/www.sebar.fr\/\"},{\"@type\":\"ListItem\",\"position\":2,\"name\":\"Carton \u00e0 dessins\"}]},{\"@type\":\"WebSite\",\"@id\":\"https:\/\/www.sebar.fr\/#website\",\"url\":\"https:\/\/www.sebar.fr\/\",\"name\":\"Sebar\",\"description\":\"S&eacute;bastien Armand Lurcel storyboard et illustrations\",\"potentialAction\":[{\"@type\":\"SearchAction\",\"target\":{\"@type\":\"EntryPoint\",\"urlTemplate\":\"https:\/\/www.sebar.fr\/?s={search_term_string}\"},\"query-input\":{\"@type\":\"PropertyValueSpecification\",\"valueRequired\":true,\"valueName\":\"search_term_string\"}}],\"inLanguage\":\"fr-FR\"}]}<\/script>\n<!-- \/ Yoast SEO plugin. -->","yoast_head_json":{"title":"Carton \u00e0 dessins - Sebar","description":"D\u00e9couvrez notre page Carton \u00e0 dessins, qui r\u00e9unie l'ensemble des dessins que j'ai pu effectuer qu'ils soient personnels ou professionnels.","robots":{"index":"index","follow":"follow","max-snippet":"max-snippet:-1","max-image-preview":"max-image-preview:large","max-video-preview":"max-video-preview:-1"},"canonical":"https:\/\/www.sebar.fr\/?page_id=1962","og_locale":"fr_FR","og_type":"article","og_title":"Carton \u00e0 dessins - Sebar","og_description":"D\u00e9couvrez notre page Carton \u00e0 dessins, qui r\u00e9unie l'ensemble des dessins que j'ai pu effectuer qu'ils soient personnels ou professionnels.","og_url":"https:\/\/www.sebar.fr\/?page_id=1962","og_site_name":"Sebar","article_modified_time":"2024-08-01T14:01:19+00:00","twitter_card":"summary_large_image","twitter_misc":{"Dur\u00e9e de lecture estim\u00e9e":"1 minute"},"schema":{"@context":"https:\/\/schema.org","@graph":[{"@type":"WebPage","@id":"https:\/\/www.sebar.fr\/?page_id=1962","url":"https:\/\/www.sebar.fr\/?page_id=1962","name":"Carton \u00e0 dessins - Sebar","isPartOf":{"@id":"https:\/\/www.sebar.fr\/#website"},"datePublished":"2024-07-25T13:06:01+00:00","dateModified":"2024-08-01T14:01:19+00:00","description":"D\u00e9couvrez notre page Carton \u00e0 dessins, qui r\u00e9unie l'ensemble des dessins que j'ai pu effectuer qu'ils soient personnels ou professionnels.","breadcrumb":{"@id":"https:\/\/www.sebar.fr\/?page_id=1962#breadcrumb"},"inLanguage":"fr-FR","potentialAction":[{"@type":"ReadAction","target":["https:\/\/www.sebar.fr\/?page_id=1962"]}]},{"@type":"BreadcrumbList","@id":"https:\/\/www.sebar.fr\/?page_id=1962#breadcrumb","itemListElement":[{"@type":"ListItem","position":1,"name":"Accueil","item":"https:\/\/www.sebar.fr\/"},{"@type":"ListItem","position":2,"name":"Carton \u00e0 dessins"}]},{"@type":"WebSite","@id":"https:\/\/www.sebar.fr\/#website","url":"https:\/\/www.sebar.fr\/","name":"Sebar","description":"S&eacute;bastien Armand Lurcel storyboard et illustrations","potentialAction":[{"@type":"SearchAction","target":{"@type":"EntryPoint","urlTemplate":"https:\/\/www.sebar.fr\/?s={search_term_string}"},"query-input":{"@type":"PropertyValueSpecification","valueRequired":true,"valueName":"search_term_string"}}],"inLanguage":"fr-FR"}]}},"_links":{"self":[{"href":"https:\/\/www.sebar.fr\/index.php?rest_route=\/wp\/v2\/pages\/1962","targetHints":{"allow":["GET"]}}],"collection":[{"href":"https:\/\/www.sebar.fr\/index.php?rest_route=\/wp\/v2\/pages"}],"about":[{"href":"https:\/\/www.sebar.fr\/index.php?rest_route=\/wp\/v2\/types\/page"}],"author":[{"embeddable":true,"href":"https:\/\/www.sebar.fr\/index.php?rest_route=\/wp\/v2\/users\/2"}],"replies":[{"embeddable":true,"href":"https:\/\/www.sebar.fr\/index.php?rest_route=%2Fwp%2Fv2%2Fcomments&post=1962"}],"version-history":[{"count":6,"href":"https:\/\/www.sebar.fr\/index.php?rest_route=\/wp\/v2\/pages\/1962\/revisions"}],"predecessor-version":[{"id":2129,"href":"https:\/\/www.sebar.fr\/index.php?rest_route=\/wp\/v2\/pages\/1962\/revisions\/2129"}],"wp:attachment":[{"href":"https:\/\/www.sebar.fr\/index.php?rest_route=%2Fwp%2Fv2%2Fmedia&parent=1962"}],"curies":[{"name":"wp","href":"https:\/\/api.w.org\/{rel}","templated":true}]}}